{"id":55,"date":"2025-01-29T12:30:07","date_gmt":"2025-01-29T12:30:07","guid":{"rendered":"https:\/\/demeloweddings.com\/?page_id=55"},"modified":"2025-04-07T10:03:39","modified_gmt":"2025-04-07T10:03:39","slug":"impressum","status":"publish","type":"page","link":"https:\/\/demeloweddings.com\/de\/impressum\/","title":{"rendered":"Impressum"},"content":{"rendered":"\n<div class=\"wp-block-studio-wai-section studio-wai-7t37uaesr place-items-center grid\" style=\"padding:32px 16px\"><div class=\"studio-wai-outer\"><div class=\"studio-wai-content grid\">\n<div class=\"wp-block-studio-wai-content studio-wai-uoak0q0tl text-center\" style=\"padding:14px 0\">\n<div class=\"wp-block-outermost-icon-block\"><a class=\"icon-container\" href=\"https:\/\/demeloweddings.com\/\" style=\"width:200px;transform:rotate(0deg) scaleX(1) scaleY(1)\"><svg xmlns=\"http:\/\/www.w3.org\/2000\/svg\" xmlns-xlink=\"http:\/\/www.w3.org\/1999\/xlink\" width=\"250\" zoomandpan=\"magnify\" viewBox=\"0 0 84.75 31.5\" preserveAspectRatio=\"xMidYMid meet\" version=\"1.0\"><defs><g><\/g><\/defs><g fill=\"currentColor\" fill-opacity=\"1\"><g transform=\"translate(2.015644, 20.405554)\"><g><path d=\"M 7.3125 -14.90625 C 7.84375 -14.90625 8.445312 -14.859375 9.125 -14.765625 C 9.800781 -14.671875 10.472656 -14.488281 11.140625 -14.21875 C 11.816406 -13.945312 12.429688 -13.550781 12.984375 -13.03125 C 13.535156 -12.507812 13.976562 -11.8125 14.3125 -10.9375 C 14.65625 -10.070312 14.828125 -8.988281 14.828125 -7.6875 C 14.828125 -6.34375 14.632812 -5.210938 14.25 -4.296875 C 13.875 -3.390625 13.378906 -2.65625 12.765625 -2.09375 C 12.148438 -1.539062 11.488281 -1.113281 10.78125 -0.8125 C 10.082031 -0.507812 9.40625 -0.300781 8.75 -0.1875 C 8.09375 -0.0820312 7.53125 -0.0195312 7.0625 0 C 6.59375 0.0195312 6.296875 0.03125 6.171875 0.03125 L 1.140625 0.03125 L 1.140625 -14.90625 Z M 6.140625 -0.375 C 6.953125 -0.375 7.769531 -0.484375 8.59375 -0.703125 C 9.414062 -0.929688 10.164062 -1.3125 10.84375 -1.84375 C 11.519531 -2.382812 12.0625 -3.128906 12.46875 -4.078125 C 12.882812 -5.023438 13.09375 -6.226562 13.09375 -7.6875 C 13.09375 -8.84375 12.953125 -9.820312 12.671875 -10.625 C 12.390625 -11.4375 12.003906 -12.09375 11.515625 -12.59375 C 11.035156 -13.101562 10.503906 -13.492188 9.921875 -13.765625 C 9.335938 -14.035156 8.738281 -14.222656 8.125 -14.328125 C 7.519531 -14.429688 6.945312 -14.484375 6.40625 -14.484375 L 2.84375 -14.484375 L 2.84375 -0.375 Z M 6.140625 -0.375 \"><\/path><\/g><\/g><\/g><g fill=\"currentColor\" fill-opacity=\"1\"><g transform=\"translate(16.560938, 20.405554)\"><g><path d=\"M 8.703125 -14.5 L 2.84375 -14.5 L 2.84375 -7.96875 L 8.0625 -7.96875 L 8.0625 -7.578125 L 2.84375 -7.578125 L 2.84375 -0.375 L 8.703125 -0.375 L 8.703125 0.03125 L 1.140625 0.03125 L 1.140625 -14.90625 L 8.703125 -14.90625 Z M 8.703125 -14.5 \"><\/path><\/g><\/g><\/g><g fill=\"currentColor\" fill-opacity=\"1\"><g transform=\"translate(24.889252, 20.405554)\"><g><\/g><\/g><\/g><g fill=\"currentColor\" fill-opacity=\"1\"><g transform=\"translate(29.444679, 20.405554)\"><g><path d=\"M 16.28125 -15.1875 L 18.0625 0.03125 L 16.359375 0 L 14.953125 -11.9375 L 8.828125 -0.375 L 8.765625 -0.375 L 2.84375 -11.75 L 1.265625 0.03125 L 0.859375 0.03125 L 2.921875 -15.1875 L 2.984375 -15.1875 L 9.546875 -2.546875 L 16.203125 -15.1875 Z M 16.28125 -15.1875 \"><\/path><\/g><\/g><\/g><g fill=\"currentColor\" fill-opacity=\"1\"><g transform=\"translate(47.07472, 20.405554)\"><g><path d=\"M 8.703125 -14.5 L 2.84375 -14.5 L 2.84375 -7.96875 L 8.0625 -7.96875 L 8.0625 -7.578125 L 2.84375 -7.578125 L 2.84375 -0.375 L 8.703125 -0.375 L 8.703125 0.03125 L 1.140625 0.03125 L 1.140625 -14.90625 L 8.703125 -14.90625 Z M 8.703125 -14.5 \"><\/path><\/g><\/g><\/g><g fill=\"currentColor\" fill-opacity=\"1\"><g transform=\"translate(55.403033, 20.405554)\"><g><path d=\"M 2.84375 -0.375 L 8.78125 -0.375 L 8.78125 0.03125 L 1.140625 0.03125 L 1.140625 -14.90625 L 2.84375 -14.90625 Z M 2.84375 -0.375 \"><\/path><\/g><\/g><\/g><g fill=\"currentColor\" fill-opacity=\"1\"><g transform=\"translate(61.587175, 20.405554)\"><g><path d=\"M 9.109375 -15.1875 C 10.171875 -15.1875 11.191406 -15.035156 12.171875 -14.734375 C 13.148438 -14.429688 14.023438 -13.96875 14.796875 -13.34375 C 15.566406 -12.71875 16.175781 -11.910156 16.625 -10.921875 C 17.070312 -9.941406 17.296875 -8.757812 17.296875 -7.375 C 17.296875 -6.113281 17.109375 -5.035156 16.734375 -4.140625 C 16.367188 -3.242188 15.878906 -2.5 15.265625 -1.90625 C 14.660156 -1.3125 14 -0.835938 13.28125 -0.484375 C 12.5625 -0.140625 11.835938 0.09375 11.109375 0.21875 C 10.378906 0.351562 9.710938 0.421875 9.109375 0.421875 C 8.523438 0.421875 7.867188 0.351562 7.140625 0.21875 C 6.410156 0.09375 5.679688 -0.140625 4.953125 -0.484375 C 4.234375 -0.835938 3.570312 -1.3125 2.96875 -1.90625 C 2.363281 -2.5 1.875 -3.242188 1.5 -4.140625 C 1.132812 -5.035156 0.953125 -6.113281 0.953125 -7.375 C 0.953125 -8.757812 1.171875 -9.941406 1.609375 -10.921875 C 2.054688 -11.910156 2.660156 -12.71875 3.421875 -13.34375 C 4.191406 -13.96875 5.066406 -14.429688 6.046875 -14.734375 C 7.035156 -15.035156 8.054688 -15.1875 9.109375 -15.1875 Z M 9.109375 0.046875 C 9.773438 0.046875 10.484375 -0.0507812 11.234375 -0.25 C 11.984375 -0.445312 12.679688 -0.804688 13.328125 -1.328125 C 13.984375 -1.847656 14.515625 -2.597656 14.921875 -3.578125 C 15.335938 -4.566406 15.546875 -5.832031 15.546875 -7.375 C 15.546875 -8.613281 15.398438 -9.660156 15.109375 -10.515625 C 14.816406 -11.378906 14.429688 -12.085938 13.953125 -12.640625 C 13.484375 -13.203125 12.957031 -13.640625 12.375 -13.953125 C 11.800781 -14.273438 11.226562 -14.492188 10.65625 -14.609375 C 10.082031 -14.722656 9.566406 -14.78125 9.109375 -14.78125 C 8.648438 -14.78125 8.132812 -14.722656 7.5625 -14.609375 C 7 -14.492188 6.429688 -14.273438 5.859375 -13.953125 C 5.296875 -13.640625 4.769531 -13.203125 4.28125 -12.640625 C 3.800781 -12.085938 3.414062 -11.378906 3.125 -10.515625 C 2.832031 -9.660156 2.6875 -8.613281 2.6875 -7.375 C 2.6875 -5.832031 2.890625 -4.566406 3.296875 -3.578125 C 3.710938 -2.597656 4.25 -1.847656 4.90625 -1.328125 C 5.5625 -0.804688 6.257812 -0.445312 7 -0.25 C 7.738281 -0.0507812 8.441406 0.046875 9.109375 0.046875 Z M 9.109375 0.046875 \"><\/path><\/g><\/g><\/g><g fill=\"currentColor\" fill-opacity=\"1\"><g transform=\"translate(33.315007, 26.569869)\"><g><path d=\"M 4.171875 -3.09375 L 4.25 -3.09375 L 3.28125 0.0625 L 3.25 0.0625 L 2.203125 -2.515625 L 1.15625 0.0625 L 1.125 0.0625 L 0.15625 -3.09375 L 0.53125 -3.09375 L 1.3125 -0.53125 L 2.15625 -2.609375 L 2.34375 -3.0625 L 2.359375 -3.0625 L 3.390625 -0.546875 Z M 4.171875 -3.09375 \"><\/path><\/g><\/g><\/g><g fill=\"currentColor\" fill-opacity=\"1\"><g transform=\"translate(41.478572, 26.569869)\"><g><path d=\"M 1.8125 -3.015625 L 0.59375 -3.015625 L 0.59375 -1.65625 L 1.671875 -1.65625 L 1.671875 -1.578125 L 0.59375 -1.578125 L 0.59375 -0.078125 L 1.8125 -0.078125 L 1.8125 0 L 0.234375 0 L 0.234375 -3.09375 L 1.8125 -3.09375 Z M 1.8125 -3.015625 \"><\/path><\/g><\/g><\/g><g fill=\"currentColor\" fill-opacity=\"1\"><g transform=\"translate(47.233535, 26.569869)\"><g><path d=\"M 1.515625 -3.09375 C 1.628906 -3.09375 1.753906 -3.082031 1.890625 -3.0625 C 2.035156 -3.050781 2.175781 -3.015625 2.3125 -2.953125 C 2.457031 -2.898438 2.585938 -2.816406 2.703125 -2.703125 C 2.816406 -2.597656 2.90625 -2.453125 2.96875 -2.265625 C 3.039062 -2.085938 3.078125 -1.863281 3.078125 -1.59375 C 3.078125 -1.320312 3.035156 -1.085938 2.953125 -0.890625 C 2.878906 -0.703125 2.78125 -0.550781 2.65625 -0.4375 C 2.53125 -0.320312 2.394531 -0.234375 2.25 -0.171875 C 2.101562 -0.109375 1.957031 -0.0625 1.8125 -0.03125 C 1.675781 -0.0078125 1.5625 0 1.46875 0 C 1.375 0 1.3125 0 1.28125 0 L 0.234375 0 L 0.234375 -3.09375 Z M 1.28125 -0.078125 C 1.445312 -0.078125 1.613281 -0.0976562 1.78125 -0.140625 C 1.957031 -0.191406 2.113281 -0.269531 2.25 -0.375 C 2.394531 -0.488281 2.507812 -0.644531 2.59375 -0.84375 C 2.675781 -1.039062 2.71875 -1.289062 2.71875 -1.59375 C 2.71875 -1.832031 2.6875 -2.035156 2.625 -2.203125 C 2.570312 -2.378906 2.492188 -2.519531 2.390625 -2.625 C 2.296875 -2.726562 2.1875 -2.804688 2.0625 -2.859375 C 1.9375 -2.921875 1.8125 -2.960938 1.6875 -2.984375 C 1.5625 -3.003906 1.441406 -3.015625 1.328125 -3.015625 L 0.59375 -3.015625 L 0.59375 -0.078125 Z M 1.28125 -0.078125 \"><\/path><\/g><\/g><\/g><g fill=\"currentColor\" fill-opacity=\"1\"><g transform=\"translate(54.281645, 26.569869)\"><g><path d=\"M 1.515625 -3.09375 C 1.628906 -3.09375 1.753906 -3.082031 1.890625 -3.0625 C 2.035156 -3.050781 2.175781 -3.015625 2.3125 -2.953125 C 2.457031 -2.898438 2.585938 -2.816406 2.703125 -2.703125 C 2.816406 -2.597656 2.90625 -2.453125 2.96875 -2.265625 C 3.039062 -2.085938 3.078125 -1.863281 3.078125 -1.59375 C 3.078125 -1.320312 3.035156 -1.085938 2.953125 -0.890625 C 2.878906 -0.703125 2.78125 -0.550781 2.65625 -0.4375 C 2.53125 -0.320312 2.394531 -0.234375 2.25 -0.171875 C 2.101562 -0.109375 1.957031 -0.0625 1.8125 -0.03125 C 1.675781 -0.0078125 1.5625 0 1.46875 0 C 1.375 0 1.3125 0 1.28125 0 L 0.234375 0 L 0.234375 -3.09375 Z M 1.28125 -0.078125 C 1.445312 -0.078125 1.613281 -0.0976562 1.78125 -0.140625 C 1.957031 -0.191406 2.113281 -0.269531 2.25 -0.375 C 2.394531 -0.488281 2.507812 -0.644531 2.59375 -0.84375 C 2.675781 -1.039062 2.71875 -1.289062 2.71875 -1.59375 C 2.71875 -1.832031 2.6875 -2.035156 2.625 -2.203125 C 2.570312 -2.378906 2.492188 -2.519531 2.390625 -2.625 C 2.296875 -2.726562 2.1875 -2.804688 2.0625 -2.859375 C 1.9375 -2.921875 1.8125 -2.960938 1.6875 -2.984375 C 1.5625 -3.003906 1.441406 -3.015625 1.328125 -3.015625 L 0.59375 -3.015625 L 0.59375 -0.078125 Z M 1.28125 -0.078125 \"><\/path><\/g><\/g><\/g><g fill=\"currentColor\" fill-opacity=\"1\"><g transform=\"translate(61.329755, 26.569869)\"><g><path d=\"M 0.28125 0 L 0.28125 -3.09375 L 0.640625 -3.09375 L 0.640625 0 Z M 0.28125 0 \"><\/path><\/g><\/g><\/g><g fill=\"currentColor\" fill-opacity=\"1\"><g transform=\"translate(66.013678, 26.569869)\"><g><path d=\"M 2.765625 -3.09375 L 2.765625 0.09375 L 2.75 0.09375 L 0.328125 -2.59375 L 0.328125 0 L 0.234375 0 L 0.234375 -3.15625 L 0.25 -3.15625 L 2.671875 -0.46875 L 2.671875 -3.09375 Z M 2.765625 -3.09375 \"><\/path><\/g><\/g><\/g><g fill=\"currentColor\" fill-opacity=\"1\"><g transform=\"translate(72.765643, 26.569869)\"><g><path d=\"M 2.09375 -1.578125 L 2.890625 -1.578125 L 2.890625 -0.171875 C 2.890625 -0.171875 2.84375 -0.148438 2.75 -0.109375 C 2.664062 -0.0664062 2.546875 -0.0234375 2.390625 0.015625 C 2.234375 0.0664062 2.050781 0.09375 1.84375 0.09375 C 1.71875 0.09375 1.582031 0.078125 1.4375 0.046875 C 1.289062 0.015625 1.144531 -0.0351562 1 -0.109375 C 0.851562 -0.179688 0.71875 -0.273438 0.59375 -0.390625 C 0.476562 -0.515625 0.382812 -0.671875 0.3125 -0.859375 C 0.238281 -1.046875 0.203125 -1.269531 0.203125 -1.53125 C 0.203125 -1.820312 0.242188 -2.066406 0.328125 -2.265625 C 0.421875 -2.472656 0.546875 -2.640625 0.703125 -2.765625 C 0.867188 -2.898438 1.050781 -3 1.25 -3.0625 C 1.457031 -3.125 1.671875 -3.15625 1.890625 -3.15625 C 2.078125 -3.15625 2.238281 -3.144531 2.375 -3.125 C 2.519531 -3.101562 2.625 -3.082031 2.6875 -3.0625 C 2.757812 -3.050781 2.796875 -3.046875 2.796875 -3.046875 L 2.796875 -2.9375 C 2.796875 -2.9375 2.757812 -2.945312 2.6875 -2.96875 C 2.625 -2.988281 2.523438 -3.007812 2.390625 -3.03125 C 2.253906 -3.0625 2.085938 -3.078125 1.890625 -3.078125 C 1.796875 -3.078125 1.6875 -3.0625 1.5625 -3.03125 C 1.4375 -3.007812 1.316406 -2.960938 1.203125 -2.890625 C 1.085938 -2.828125 0.976562 -2.738281 0.875 -2.625 C 0.78125 -2.507812 0.703125 -2.363281 0.640625 -2.1875 C 0.585938 -2.007812 0.5625 -1.789062 0.5625 -1.53125 C 0.5625 -1.144531 0.617188 -0.835938 0.734375 -0.609375 C 0.847656 -0.390625 1.003906 -0.226562 1.203125 -0.125 C 1.410156 -0.03125 1.640625 0.015625 1.890625 0.015625 C 2.015625 0.015625 2.128906 0.00390625 2.234375 -0.015625 C 2.347656 -0.046875 2.445312 -0.078125 2.53125 -0.109375 L 2.53125 -1.5 L 2.09375 -1.5 Z M 2.09375 -1.578125 \"><\/path><\/g><\/g><\/g><g fill=\"currentColor\" fill-opacity=\"1\"><g transform=\"translate(79.631129, 26.569869)\"><g><path d=\"M 0.171875 -0.234375 C 0.253906 -0.160156 0.359375 -0.09375 0.484375 -0.03125 C 0.617188 0.0195312 0.789062 0.046875 1 0.046875 C 1.132812 0.046875 1.257812 0.0195312 1.375 -0.03125 C 1.5 -0.0820312 1.59375 -0.160156 1.65625 -0.265625 C 1.726562 -0.367188 1.765625 -0.503906 1.765625 -0.671875 C 1.765625 -0.804688 1.734375 -0.914062 1.671875 -1 C 1.617188 -1.09375 1.546875 -1.171875 1.453125 -1.234375 C 1.359375 -1.296875 1.253906 -1.347656 1.140625 -1.390625 C 1.035156 -1.429688 0.925781 -1.472656 0.8125 -1.515625 C 0.695312 -1.566406 0.59375 -1.625 0.5 -1.6875 C 0.40625 -1.757812 0.328125 -1.847656 0.265625 -1.953125 C 0.210938 -2.054688 0.1875 -2.1875 0.1875 -2.34375 C 0.1875 -2.5 0.21875 -2.628906 0.28125 -2.734375 C 0.34375 -2.835938 0.421875 -2.921875 0.515625 -2.984375 C 0.609375 -3.054688 0.707031 -3.109375 0.8125 -3.140625 C 0.925781 -3.171875 1.03125 -3.1875 1.125 -3.1875 C 1.257812 -3.1875 1.378906 -3.171875 1.484375 -3.140625 C 1.585938 -3.109375 1.671875 -3.078125 1.734375 -3.046875 C 1.796875 -3.015625 1.828125 -3 1.828125 -3 L 1.828125 -2.90625 C 1.828125 -2.90625 1.796875 -2.921875 1.734375 -2.953125 C 1.679688 -2.984375 1.601562 -3.015625 1.5 -3.046875 C 1.394531 -3.085938 1.269531 -3.109375 1.125 -3.109375 C 0.914062 -3.109375 0.753906 -3.046875 0.640625 -2.921875 C 0.523438 -2.796875 0.46875 -2.644531 0.46875 -2.46875 C 0.46875 -2.320312 0.503906 -2.203125 0.578125 -2.109375 C 0.660156 -2.015625 0.757812 -1.9375 0.875 -1.875 C 1 -1.8125 1.128906 -1.753906 1.265625 -1.703125 C 1.398438 -1.648438 1.523438 -1.585938 1.640625 -1.515625 C 1.765625 -1.441406 1.863281 -1.347656 1.9375 -1.234375 C 2.007812 -1.117188 2.046875 -0.972656 2.046875 -0.796875 C 2.046875 -0.609375 1.992188 -0.445312 1.890625 -0.3125 C 1.796875 -0.175781 1.671875 -0.0703125 1.515625 0 C 1.359375 0.0820312 1.1875 0.125 1 0.125 C 0.820312 0.125 0.671875 0.101562 0.546875 0.0625 C 0.429688 0.0195312 0.335938 -0.015625 0.265625 -0.046875 C 0.203125 -0.0859375 0.171875 -0.109375 0.171875 -0.109375 Z M 0.171875 -0.234375 \"><\/path><\/g><\/g><\/g><\/svg><\/a><\/div>\n<\/div>\n<\/div><\/div><\/div>\n\n\n\n<div class=\"wp-block-studio-wai-section studio-wai-ou9r8nuim\" style=\"padding:0 0 0 0\"><div class=\"studio-wai-outer max-w-screen-lg\"><div class=\"studio-wai-content\">\n<div class=\"wp-block-studio-wai-content studio-wai-hybclzcdv justify-self-center grid text-left w-full md:w-full lg:w-4\/5\" style=\"padding:0 0 100px 0;gap:20px\">\n<h3 class=\"wp-block-studio-wai-text studio-wai-8ygf07ghg  text-left text-4xl\">Impressum<\/h3>\n\n\n\n<p class=\"wp-block-studio-wai-text studio-wai-8ygf07ghg\"><strong>Angaben gem\u00e4\u00df \u00a7 5 TMG<\/strong><br>Miguel Kel De Melo <br>Rua C\u00e2ndido Capil\u00e9 18, 2dto<br>2800-043 Almada,<br>Portugal<br><br><strong>Kontakt<\/strong><br>Telefon: +351912614658<br>E-Mail: info@demeloweddings.com<br><br><strong>Umsatzsteuer-ID<\/strong><br>Umsatzsteuer-Identifikationsnummer gem\u00e4\u00df \u00a7 27 a Umsatzsteuergesetz: PT312578580<br><br><strong>Verbraucherstreitbeilegung \/<\/strong> <strong>Universalschlichtungsstelle<\/strong><br>Wir sind nicht bereit oder verpflichtet, an Streitbeilegungsverfahren vor einer Verbraucherschlichtungsstelle teilzunehmen.<br><br><strong>Haftung f\u00fcr Inhalte<\/strong><br>Als Diensteanbieter sind wir gem\u00e4\u00df \u00a7 7 Abs.1 TMG f\u00fcr eigene Inhalte auf diesen Seiten nach den allgemeinen Gesetzen verantwortlich. Nach \u00a7\u00a7 8 bis 10 TMG sind wir als Diensteanbieter jedoch nicht verpflichtet, \u00fcbermittelte oder gespeicherte fremde Informationen zu \u00fcberwachen oder nach Umst\u00e4nden zu forschen, die auf eine rechtswidrige T\u00e4tigkeit hinweisen.<br>Verpflichtungen zur Entfernung oder Sperrung der Nutzung von Informationen nach den allgemeinen Gesetzen bleiben hiervon unber\u00fchrt. Eine diesbez\u00fcgliche Haftung ist jedoch erst ab dem Zeitpunkt der Kenntnis einer konkreten Rechtsverletzung m\u00f6glich. Bei Bekanntwerden von entsprechenden Rechtsverletzungen werden wir diese Inhalte umgehend entfernen.<br><br><strong>Haftung f\u00fcr Links<\/strong><br>Unser Angebot enth\u00e4lt Links zu externen Websites Dritter, auf deren Inhalte wir keinen Einfluss haben.<br>Deshalb k\u00f6nnen wir f\u00fcr diese fremden Inhalte auch keine Gew\u00e4hr \u00fcbernehmen. F\u00fcr die Inhalte der verlinkten Seiten ist stets der jeweilige Anbieter oder Betreiber der Seiten verantwortlich. Die verlinkten Seiten wurden zum Zeitpunkt der Verlinkung auf m\u00f6gliche Rechtsverst\u00f6\u00dfe \u00fcberpr\u00fcft. Rechtswidrige Inhalte waren zum Zeitpunkt der Verlinkung nicht erkennbar.<br>Eine permanente inhaltliche Kontrolle der verlinkten Seiten ist jedoch ohne konkrete Anhaltspunkte einer Rechtsverletzung nicht zumutbar. Bei Bekanntwerden von Rechtsverletzungen werden wir derartige Links umgehend entfernen.<br><br><br><strong>Urheberrecht<\/strong><br>Die durch die Seitenbetreiber erstellten Inhalte und Werke auf diesen Seiten unterliegen dem deutschen Urheberrecht. Die Vervielf\u00e4ltigung, Bearbeitung, Verbreitung und jede Art der Verwertung au\u00dferhalb der Grenzen des Urheberrechtes bed\u00fcrfen der schriftlichen Zustimmung des jeweiligen Autors bzw. Erstellers. Downloads und Kopien dieser Seite sind nur f\u00fcr den privaten, nicht kommerziellen Gebrauch gestattet.<br>Soweit die Inhalte auf dieser Seite nicht vom Betreiber erstellt wurden, werden die Urheberrechte Dritter beachtet. Insbesondere werden Inhalte Dritter als solche gekennzeichnet. Sollten Sie trotzdem auf eine Urheberrechtsverletzung aufmerksam werden, bitten wir um einen entsprechenden Hinweis. Bei Bekanntwerden von Rechtsverletzungen werden wir derartige Inhalte umgehend entfernen.<br><\/p>\n\n\n\n<p class=\"has-sm-font-size\">Quelle: <a href=\"https:\/\/www.e-recht24.de\/impressum-generator.html\" target=\"_blank\" rel=\"noreferrer noopener nofollow\">https:\/\/www.e-recht24.de\/impressum-generator.html<\/a><\/p>\n<\/div>\n<\/div><\/div><\/div>\n","protected":false},"excerpt":{"rendered":"","protected":false},"author":2,"featured_media":0,"parent":0,"menu_order":0,"comment_status":"closed","ping_status":"closed","template":"","meta":{"footnotes":""},"class_list":["post-55","page","type-page","status-publish","hentry"],"yoast_head":"<!-- This site is optimized with the Yoast SEO plugin v27.4 - https:\/\/yoast.com\/product\/yoast-seo-wordpress\/ -->\n<title>Impressum - De Melo Weddings<\/title>\n<meta name=\"robots\" content=\"index, follow, max-snippet:-1, max-image-preview:large, max-video-preview:-1\" \/>\n<link rel=\"canonical\" href=\"https:\/\/demeloweddings.com\/impressum\/\" \/>\n<meta property=\"og:locale\" content=\"de_DE\" \/>\n<meta property=\"og:type\" content=\"article\" \/>\n<meta property=\"og:title\" content=\"Impressum - De Melo Weddings\" \/>\n<meta property=\"og:url\" content=\"https:\/\/demeloweddings.com\/impressum\/\" \/>\n<meta property=\"og:site_name\" content=\"De Melo Weddings\" \/>\n<meta property=\"article:modified_time\" content=\"2025-04-07T10:03:39+00:00\" \/>\n<meta property=\"og:image\" content=\"https:\/\/demeloweddings.com\/wp-content\/uploads\/2025\/03\/cropped-Logo-DE-MELO-300x300-1.png\" \/>\n\t<meta property=\"og:image:width\" content=\"512\" \/>\n\t<meta property=\"og:image:height\" content=\"512\" \/>\n\t<meta property=\"og:image:type\" content=\"image\/png\" \/>\n<meta name=\"twitter:card\" content=\"summary_large_image\" \/>\n<meta name=\"twitter:label1\" content=\"Gesch\u00e4tzte Lesezeit\" \/>\n\t<meta name=\"twitter:data1\" content=\"2\u00a0Minuten\" \/>\n<script type=\"application\/ld+json\" class=\"yoast-schema-graph\">{\"@context\":\"https:\\\/\\\/schema.org\",\"@graph\":[{\"@type\":\"WebPage\",\"@id\":\"https:\\\/\\\/demeloweddings.com\\\/impressum\\\/\",\"url\":\"https:\\\/\\\/demeloweddings.com\\\/impressum\\\/\",\"name\":\"Impressum - De Melo Weddings\",\"isPartOf\":{\"@id\":\"https:\\\/\\\/demeloweddings.com\\\/#website\"},\"datePublished\":\"2025-01-29T12:30:07+00:00\",\"dateModified\":\"2025-04-07T10:03:39+00:00\",\"breadcrumb\":{\"@id\":\"https:\\\/\\\/demeloweddings.com\\\/impressum\\\/#breadcrumb\"},\"inLanguage\":\"de\",\"potentialAction\":[{\"@type\":\"ReadAction\",\"target\":[\"https:\\\/\\\/demeloweddings.com\\\/impressum\\\/\"]}]},{\"@type\":\"BreadcrumbList\",\"@id\":\"https:\\\/\\\/demeloweddings.com\\\/impressum\\\/#breadcrumb\",\"itemListElement\":[{\"@type\":\"ListItem\",\"position\":1,\"name\":\"Home\",\"item\":\"https:\\\/\\\/demeloweddings.com\\\/de\\\/\"},{\"@type\":\"ListItem\",\"position\":2,\"name\":\"Impressum\"}]},{\"@type\":\"WebSite\",\"@id\":\"https:\\\/\\\/demeloweddings.com\\\/#website\",\"url\":\"https:\\\/\\\/demeloweddings.com\\\/\",\"name\":\"De Melo Weddings\",\"description\":\"\",\"publisher\":{\"@id\":\"https:\\\/\\\/demeloweddings.com\\\/#organization\"},\"potentialAction\":[{\"@type\":\"SearchAction\",\"target\":{\"@type\":\"EntryPoint\",\"urlTemplate\":\"https:\\\/\\\/demeloweddings.com\\\/?s={search_term_string}\"},\"query-input\":{\"@type\":\"PropertyValueSpecification\",\"valueRequired\":true,\"valueName\":\"search_term_string\"}}],\"inLanguage\":\"de\"},{\"@type\":\"Organization\",\"@id\":\"https:\\\/\\\/demeloweddings.com\\\/#organization\",\"name\":\"De Melo Weddings\",\"url\":\"https:\\\/\\\/demeloweddings.com\\\/\",\"logo\":{\"@type\":\"ImageObject\",\"inLanguage\":\"de\",\"@id\":\"https:\\\/\\\/demeloweddings.com\\\/#\\\/schema\\\/logo\\\/image\\\/\",\"url\":\"https:\\\/\\\/demeloweddings.com\\\/wp-content\\\/uploads\\\/2025\\\/03\\\/cropped-Logo-DE-MELO-300x300-1.png\",\"contentUrl\":\"https:\\\/\\\/demeloweddings.com\\\/wp-content\\\/uploads\\\/2025\\\/03\\\/cropped-Logo-DE-MELO-300x300-1.png\",\"width\":512,\"height\":512,\"caption\":\"De Melo Weddings\"},\"image\":{\"@id\":\"https:\\\/\\\/demeloweddings.com\\\/#\\\/schema\\\/logo\\\/image\\\/\"}}]}<\/script>\n<!-- \/ Yoast SEO plugin. -->","yoast_head_json":{"title":"Impressum - De Melo Weddings","robots":{"index":"index","follow":"follow","max-snippet":"max-snippet:-1","max-image-preview":"max-image-preview:large","max-video-preview":"max-video-preview:-1"},"canonical":"https:\/\/demeloweddings.com\/impressum\/","og_locale":"de_DE","og_type":"article","og_title":"Impressum - De Melo Weddings","og_url":"https:\/\/demeloweddings.com\/impressum\/","og_site_name":"De Melo Weddings","article_modified_time":"2025-04-07T10:03:39+00:00","og_image":[{"width":512,"height":512,"url":"https:\/\/demeloweddings.com\/wp-content\/uploads\/2025\/03\/cropped-Logo-DE-MELO-300x300-1.png","type":"image\/png"}],"twitter_card":"summary_large_image","twitter_misc":{"Gesch\u00e4tzte Lesezeit":"2\u00a0Minuten"},"schema":{"@context":"https:\/\/schema.org","@graph":[{"@type":"WebPage","@id":"https:\/\/demeloweddings.com\/impressum\/","url":"https:\/\/demeloweddings.com\/impressum\/","name":"Impressum - De Melo Weddings","isPartOf":{"@id":"https:\/\/demeloweddings.com\/#website"},"datePublished":"2025-01-29T12:30:07+00:00","dateModified":"2025-04-07T10:03:39+00:00","breadcrumb":{"@id":"https:\/\/demeloweddings.com\/impressum\/#breadcrumb"},"inLanguage":"de","potentialAction":[{"@type":"ReadAction","target":["https:\/\/demeloweddings.com\/impressum\/"]}]},{"@type":"BreadcrumbList","@id":"https:\/\/demeloweddings.com\/impressum\/#breadcrumb","itemListElement":[{"@type":"ListItem","position":1,"name":"Home","item":"https:\/\/demeloweddings.com\/de\/"},{"@type":"ListItem","position":2,"name":"Impressum"}]},{"@type":"WebSite","@id":"https:\/\/demeloweddings.com\/#website","url":"https:\/\/demeloweddings.com\/","name":"De Melo Weddings","description":"","publisher":{"@id":"https:\/\/demeloweddings.com\/#organization"},"potentialAction":[{"@type":"SearchAction","target":{"@type":"EntryPoint","urlTemplate":"https:\/\/demeloweddings.com\/?s={search_term_string}"},"query-input":{"@type":"PropertyValueSpecification","valueRequired":true,"valueName":"search_term_string"}}],"inLanguage":"de"},{"@type":"Organization","@id":"https:\/\/demeloweddings.com\/#organization","name":"De Melo Weddings","url":"https:\/\/demeloweddings.com\/","logo":{"@type":"ImageObject","inLanguage":"de","@id":"https:\/\/demeloweddings.com\/#\/schema\/logo\/image\/","url":"https:\/\/demeloweddings.com\/wp-content\/uploads\/2025\/03\/cropped-Logo-DE-MELO-300x300-1.png","contentUrl":"https:\/\/demeloweddings.com\/wp-content\/uploads\/2025\/03\/cropped-Logo-DE-MELO-300x300-1.png","width":512,"height":512,"caption":"De Melo Weddings"},"image":{"@id":"https:\/\/demeloweddings.com\/#\/schema\/logo\/image\/"}}]}},"_links":{"self":[{"href":"https:\/\/demeloweddings.com\/de\/wp-json\/wp\/v2\/pages\/55","targetHints":{"allow":["GET"]}}],"collection":[{"href":"https:\/\/demeloweddings.com\/de\/wp-json\/wp\/v2\/pages"}],"about":[{"href":"https:\/\/demeloweddings.com\/de\/wp-json\/wp\/v2\/types\/page"}],"author":[{"embeddable":true,"href":"https:\/\/demeloweddings.com\/de\/wp-json\/wp\/v2\/users\/2"}],"replies":[{"embeddable":true,"href":"https:\/\/demeloweddings.com\/de\/wp-json\/wp\/v2\/comments?post=55"}],"version-history":[{"count":6,"href":"https:\/\/demeloweddings.com\/de\/wp-json\/wp\/v2\/pages\/55\/revisions"}],"predecessor-version":[{"id":1051,"href":"https:\/\/demeloweddings.com\/de\/wp-json\/wp\/v2\/pages\/55\/revisions\/1051"}],"wp:attachment":[{"href":"https:\/\/demeloweddings.com\/de\/wp-json\/wp\/v2\/media?parent=55"}],"curies":[{"name":"wp","href":"https:\/\/api.w.org\/{rel}","templated":true}]}}